{"id":498,"date":"2026-02-23T14:58:38","date_gmt":"2026-02-23T13:58:38","guid":{"rendered":"https:\/\/captureazur.fr\/?page_id=498"},"modified":"2026-02-23T15:02:46","modified_gmt":"2026-02-23T14:02:46","slug":"reservation-shooting-photos","status":"publish","type":"page","link":"https:\/\/captureazur.fr\/?page_id=498","title":{"rendered":"R\u00e9servation Shooting photos"},"content":{"rendered":"<style>.elementor-498 .elementor-element.elementor-element-609d45f3{--display:flex;--flex-direction:column;--container-widget-width:100%;--container-widget-height:initial;--container-widget-flex-grow:0;--container-widget-align-self:initial;--flex-wrap-mobile:wrap;--overlay-opacity:1;--margin-top:0px;--margin-bottom:0px;--margin-left:0px;--margin-right:0px;--padding-top:250px;--padding-bottom:100px;--padding-left:0px;--padding-right:0px;}.elementor-498 .elementor-element.elementor-element-609d45f3:not(.elementor-motion-effects-element-type-background), .elementor-498 .elementor-element.elementor-element-609d45f3 > .elementor-motion-effects-container > .elementor-motion-effects-layer{background-color:#4E2A0B;background-image:url(\"https:\/\/captureazur.fr\/wp-content\/uploads\/2025\/12\/461228222_18337170655133768_838301542560590778_n.jpg\");background-position:center center;background-repeat:no-repeat;background-size:cover;}.elementor-498 .elementor-element.elementor-element-609d45f3::before, .elementor-498 .elementor-element.elementor-element-609d45f3 > .elementor-background-video-container::before, .elementor-498 .elementor-element.elementor-element-609d45f3 > .e-con-inner > .elementor-background-video-container::before, .elementor-498 .elementor-element.elementor-element-609d45f3 > .elementor-background-slideshow::before, .elementor-498 .elementor-element.elementor-element-609d45f3 > .e-con-inner > .elementor-background-slideshow::before, .elementor-498 .elementor-element.elementor-element-609d45f3 > .elementor-motion-effects-container > .elementor-motion-effects-layer::before{background-color:transparent;--background-overlay:'';background-image:linear-gradient(180deg, #2E2C1EC4 0%, #1E1205 100%);}.elementor-498 .elementor-element.elementor-element-2f78ac1e{--display:flex;--align-items:center;--container-widget-width:calc( ( 1 - var( --container-widget-flex-grow ) ) * 100% );}.elementor-498 .elementor-element.elementor-element-299434ed{margin:0px 0px calc(var(--kit-widget-spacing, 0px) + 12px) 0px;text-align:center;}.elementor-498 .elementor-element.elementor-element-299434ed .elementor-heading-title{color:var( --e-global-color-54b9094 );}.elementor-498 .elementor-element.elementor-element-543e1976{margin:-25px 0px calc(var(--kit-widget-spacing, 0px) + 0px) 0px;padding:0px 100px 0px 100px;text-align:center;}.elementor-498 .elementor-element.elementor-element-543e1976 .elementor-heading-title{font-family:\"Ovo\", Sans-serif;font-size:4.2em;font-weight:500;text-transform:uppercase;line-height:1.1em;color:var( --e-global-color-54b9094 );}.elementor-498 .elementor-element.elementor-element-44e764a6{--divider-border-style:solid;--divider-color:var( --e-global-color-468348a );--divider-border-width:1px;margin:-11px 0px calc(var(--kit-widget-spacing, 0px) + 0px) 0px;z-index:3;}.elementor-498 .elementor-element.elementor-element-44e764a6 .elementor-divider-separator{width:24%;margin:0 auto;margin-center:0;}.elementor-498 .elementor-element.elementor-element-44e764a6 .elementor-divider{text-align:center;padding-block-start:15px;padding-block-end:15px;}.elementor-498 .elementor-element.elementor-element-b3a7115{--display:flex;--flex-direction:row;--container-widget-width:initial;--container-widget-height:100%;--container-widget-flex-grow:1;--container-widget-align-self:stretch;--flex-wrap-mobile:wrap;--gap:0px 0px;--row-gap:0px;--column-gap:0px;}.elementor-498 .elementor-element.elementor-element-7312665{--display:flex;--flex-direction:column;--container-widget-width:100%;--container-widget-height:initial;--container-widget-flex-grow:0;--container-widget-align-self:initial;--flex-wrap-mobile:wrap;}.elementor-498 .elementor-element.elementor-element-2d6a461{--e-image-carousel-slides-to-show:1;}.elementor-498 .elementor-element.elementor-element-58f7473{--display:flex;--flex-direction:column;--container-widget-width:100%;--container-widget-height:initial;--container-widget-flex-grow:0;--container-widget-align-self:initial;--flex-wrap-mobile:wrap;}.elementor-498 .elementor-element.elementor-element-bbb7c4c > .elementor-widget-container{background-color:var( --e-global-color-468348a );margin:9px 9px 9px 9px;padding:22px 22px 22px 22px;border-style:groove;border-width:1px 1px 1px 1px;border-radius:8px 8px 8px 8px;}:root{--page-title-display:none;}@media(min-width:768px){.elementor-498 .elementor-element.elementor-element-7312665{--width:50%;}.elementor-498 .elementor-element.elementor-element-58f7473{--width:50%;}}@media(max-width:1024px){.elementor-498 .elementor-element.elementor-element-609d45f3{--padding-top:250px;--padding-bottom:100px;--padding-left:30px;--padding-right:30px;}.elementor-498 .elementor-element.elementor-element-543e1976{padding:0px 0px 0px 0px;}.elementor-498 .elementor-element.elementor-element-543e1976 .elementor-heading-title{font-size:6.5em;}.elementor-498 .elementor-element.elementor-element-44e764a6 .elementor-divider-separator{width:32%;}}@media(max-width:767px){.elementor-498 .elementor-element.elementor-element-609d45f3{--margin-top:0px;--margin-bottom:0px;--margin-left:0px;--margin-right:0px;--padding-top:230px;--padding-bottom:100px;--padding-left:20px;--padding-right:20px;}.elementor-498 .elementor-element.elementor-element-2f78ac1e{--padding-top:0px;--padding-bottom:0px;--padding-left:0px;--padding-right:0px;}.elementor-498 .elementor-element.elementor-element-299434ed{margin:0px 0px calc(var(--kit-widget-spacing, 0px) + 11px) 0px;}.elementor-498 .elementor-element.elementor-element-543e1976 .elementor-heading-title{font-size:2.4em;}.elementor-498 .elementor-element.elementor-element-44e764a6 .elementor-divider-separator{width:51%;}}<\/style>\t\t<div data-elementor-type=\"wp-page\" data-elementor-id=\"498\" class=\"elementor elementor-498\">\n\t\t\t\t<div class=\"elementor-element elementor-element-609d45f3 e-con-full e-flex e-con e-parent\" data-id=\"609d45f3\" data-element_type=\"container\" data-settings=\"{&quot;background_background&quot;:&quot;classic&quot;}\">\n\t\t<div class=\"elementor-element elementor-element-2f78ac1e e-con-full e-flex e-con e-child\" data-id=\"2f78ac1e\" data-element_type=\"container\">\n\t\t\t\t<div class=\"elementor-element elementor-element-299434ed elementor-widget elementor-widget-heading\" data-id=\"299434ed\" data-element_type=\"widget\" data-widget_type=\"heading.default\">\n\t\t\t\t\t<h2 class=\"elementor-heading-title elementor-size-default\">Capture Azur<\/h2>\t\t\t\t<\/div>\n\t\t\t\t<div class=\"elementor-element elementor-element-543e1976 elementor-widget elementor-widget-heading\" data-id=\"543e1976\" data-element_type=\"widget\" data-widget_type=\"heading.default\">\n\t\t\t\t\t<h1 class=\"elementor-heading-title elementor-size-default\">R\u00e9servation \n<br> Shooting photos<\/h1>\t\t\t\t<\/div>\n\t\t\t\t<div class=\"elementor-element elementor-element-44e764a6 elementor-widget-divider--view-line elementor-widget elementor-widget-divider\" data-id=\"44e764a6\" data-element_type=\"widget\" data-widget_type=\"divider.default\">\n\t\t\t\t\t\t\t<div class=\"elementor-divider\">\n\t\t\t<span class=\"elementor-divider-separator\">\n\t\t\t\t\t\t<\/span>\n\t\t<\/div>\n\t\t\t\t\t\t<\/div>\n\t\t\t\t<\/div>\n\t\t\t\t<\/div>\n\t\t<div class=\"elementor-element elementor-element-b3a7115 e-flex e-con-boxed e-con e-parent\" data-id=\"b3a7115\" data-element_type=\"container\">\n\t\t\t\t\t<div class=\"e-con-inner\">\n\t\t<div class=\"elementor-element elementor-element-7312665 e-con-full e-flex e-con e-child\" data-id=\"7312665\" data-element_type=\"container\">\n\t\t\t\t<div class=\"elementor-element elementor-element-2d6a461 elementor-arrows-position-inside elementor-pagination-position-outside elementor-widget elementor-widget-image-carousel\" data-id=\"2d6a461\" data-element_type=\"widget\" data-settings=\"{&quot;slides_to_show&quot;:&quot;1&quot;,&quot;navigation&quot;:&quot;both&quot;,&quot;autoplay&quot;:&quot;yes&quot;,&quot;pause_on_hover&quot;:&quot;yes&quot;,&quot;pause_on_interaction&quot;:&quot;yes&quot;,&quot;autoplay_speed&quot;:5000,&quot;infinite&quot;:&quot;yes&quot;,&quot;effect&quot;:&quot;slide&quot;,&quot;speed&quot;:500}\" data-widget_type=\"image-carousel.default\">\n\t\t\t\t\t\t\t<div class=\"elementor-image-carousel-wrapper swiper\" role=\"region\" aria-roledescription=\"carousel\" aria-label=\"Carrousel d\u2019images\" dir=\"ltr\">\n\t\t\t<div class=\"elementor-image-carousel swiper-wrapper\" aria-live=\"off\">\n\t\t\t\t\t\t\t\t<div class=\"swiper-slide\" role=\"group\" aria-roledescription=\"slide\" aria-label=\"1 sur 1\"><figure class=\"swiper-slide-inner\"><img decoding=\"async\" class=\"swiper-slide-image\" src=\"https:\/\/captureazur.fr\/wp-content\/uploads\/2026\/02\/WhatsApp-Image-2026-02-09-at-12.44.14.jpeg\" alt=\"WhatsApp Image 2026-02-09 at 12.44.14\" \/><\/figure><\/div>\t\t\t<\/div>\n\t\t\t\t\t<\/div>\n\t\t\t\t\t\t<\/div>\n\t\t\t\t<\/div>\n\t\t<div class=\"elementor-element elementor-element-58f7473 e-con-full e-flex e-con e-child\" data-id=\"58f7473\" data-element_type=\"container\">\n\t\t\t\t<div class=\"elementor-element elementor-element-bbb7c4c elementor-widget elementor-widget-wpforms\" data-id=\"bbb7c4c\" data-element_type=\"widget\" data-widget_type=\"wpforms.default\">\n\t\t\t\t<div class=\"elementor-widget-container\">\n\t\t\t\t\t<style id=\"wpforms-css-vars-elementor-widget-bbb7c4c\">\n\t\t\t\t.elementor-widget-wpforms.elementor-element-bbb7c4c {\n\t\t\t\t--wpforms-button-background-color: #3A2710;\n\t\t\t}\n\t\t\t<\/style><div class=\"wpforms-container wpforms-container-full wpforms-render-modern\" id=\"wpforms-386\"><form id=\"wpforms-form-386\" class=\"wpforms-validate wpforms-form wpforms-ajax-form\" data-formid=\"386\" method=\"post\" enctype=\"multipart\/form-data\" action=\"\/index.php?rest_route=%2Fwp%2Fv2%2Fpages%2F498\" data-token=\"c5174e6e52ef489e40a1abd181df36f4\" data-token-time=\"1776037584\"><noscript class=\"wpforms-error-noscript\">Veuillez activer JavaScript dans votre navigateur pour remplir ce formulaire.<\/noscript><div id=\"wpforms-error-noscript\" style=\"display: none;\">Veuillez activer JavaScript dans votre navigateur pour remplir ce formulaire.<\/div><div class=\"wpforms-field-container\">\t\t<div id=\"wpforms-386-field_6-container\"\n\t\t\tclass=\"wpforms-field wpforms-field-text\"\n\t\t\tdata-field-type=\"text\"\n\t\t\tdata-field-id=\"6\"\n\t\t\t>\n\t\t\t<label class=\"wpforms-field-label\" for=\"wpforms-386-field_6\" > Nom message<\/label>\n\t\t\t<input type=\"text\" id=\"wpforms-386-field_6\" class=\"wpforms-field-medium\" name=\"wpforms[fields][6]\" >\n\t\t<\/div>\n\t\t<div id=\"wpforms-386-field_1-container\" class=\"wpforms-field wpforms-field-name\" data-field-id=\"1\"><fieldset><legend class=\"wpforms-field-label\">Nom <span class=\"wpforms-required-label\" aria-hidden=\"true\">*<\/span><\/legend><div class=\"wpforms-field-row wpforms-field-medium\"><div class=\"wpforms-field-row-block wpforms-first wpforms-one-half\"><input type=\"text\" id=\"wpforms-386-field_1\" class=\"wpforms-field-name-first wpforms-field-required\" name=\"wpforms[fields][1][first]\" aria-errormessage=\"wpforms-386-field_1-error\" required><label for=\"wpforms-386-field_1\" class=\"wpforms-field-sublabel after\">Pr\u00e9nom<\/label><\/div><div class=\"wpforms-field-row-block wpforms-one-half\"><input type=\"text\" id=\"wpforms-386-field_1-last\" class=\"wpforms-field-name-last wpforms-field-required\" name=\"wpforms[fields][1][last]\" aria-errormessage=\"wpforms-386-field_1-last-error\" required><label for=\"wpforms-386-field_1-last\" class=\"wpforms-field-sublabel after\">Nom<\/label><\/div><\/div><\/fieldset><\/div><div id=\"wpforms-386-field_4-container\" class=\"wpforms-field wpforms-field-number\" data-field-id=\"4\"><label class=\"wpforms-field-label\" for=\"wpforms-386-field_4\">T\u00e9l\u00e9phone<\/label><input type=\"number\" id=\"wpforms-386-field_4\" class=\"wpforms-field-medium\" name=\"wpforms[fields][4]\" step=\"any\" aria-errormessage=\"wpforms-386-field_4-error\" ><\/div><div id=\"wpforms-386-field_2-container\" class=\"wpforms-field wpforms-field-email\" data-field-id=\"2\"><label class=\"wpforms-field-label\" for=\"wpforms-386-field_2\">E-mail <span class=\"wpforms-required-label\" aria-hidden=\"true\">*<\/span><\/label><input type=\"email\" id=\"wpforms-386-field_2\" class=\"wpforms-field-medium wpforms-field-required\" name=\"wpforms[fields][2]\" spellcheck=\"false\" aria-errormessage=\"wpforms-386-field_2-error\" required><\/div><div id=\"wpforms-386-field_5-container\" class=\"wpforms-field wpforms-field-radio\" data-field-id=\"5\"><fieldset><legend class=\"wpforms-field-label\">Choix <\/legend><ul id=\"wpforms-386-field_5\"><li class=\"choice-1 depth-1\"><input type=\"radio\" id=\"wpforms-386-field_5_1\" name=\"wpforms[fields][5]\" value=\"Couple\" aria-errormessage=\"wpforms-386-field_5_1-error\"  ><label class=\"wpforms-field-label-inline\" for=\"wpforms-386-field_5_1\">Couple<\/label><\/li><li class=\"choice-2 depth-1\"><input type=\"radio\" id=\"wpforms-386-field_5_2\" name=\"wpforms[fields][5]\" value=\"Famille\" aria-errormessage=\"wpforms-386-field_5_2-error\"  ><label class=\"wpforms-field-label-inline\" for=\"wpforms-386-field_5_2\">Famille<\/label><\/li><li class=\"choice-3 depth-1\"><input type=\"radio\" id=\"wpforms-386-field_5_3\" name=\"wpforms[fields][5]\" value=\"Pro\" aria-errormessage=\"wpforms-386-field_5_3-error\"  ><label class=\"wpforms-field-label-inline\" for=\"wpforms-386-field_5_3\">Pro<\/label><\/li><li class=\"choice-4 depth-1\"><input type=\"radio\" id=\"wpforms-386-field_5_4\" name=\"wpforms[fields][5]\" value=\"Boudoir\" aria-errormessage=\"wpforms-386-field_5_4-error\"  ><label class=\"wpforms-field-label-inline\" for=\"wpforms-386-field_5_4\">Boudoir<\/label><\/li><li class=\"choice-5 depth-1\"><input type=\"radio\" id=\"wpforms-386-field_5_5\" name=\"wpforms[fields][5]\" value=\"Seul\" aria-errormessage=\"wpforms-386-field_5_5-error\"  ><label class=\"wpforms-field-label-inline\" for=\"wpforms-386-field_5_5\">Seul<\/label><\/li><\/ul><\/fieldset><\/div><div id=\"wpforms-386-field_3-container\" class=\"wpforms-field wpforms-field-textarea\" data-field-id=\"3\"><label class=\"wpforms-field-label\" for=\"wpforms-386-field_3\">Commentaire ou message<\/label><textarea id=\"wpforms-386-field_3\" class=\"wpforms-field-medium\" name=\"wpforms[fields][3]\" aria-errormessage=\"wpforms-386-field_3-error\" ><\/textarea><\/div><script>\n\t\t\t\t( function() {\n\t\t\t\t\tconst style = document.createElement( 'style' );\n\t\t\t\t\tstyle.appendChild( document.createTextNode( '#wpforms-386-field_6-container { position: absolute !important; overflow: hidden !important; display: inline !important; height: 1px !important; width: 1px !important; z-index: -1000 !important; padding: 0 !important; } #wpforms-386-field_6-container input { visibility: hidden; } #wpforms-conversational-form-page #wpforms-386-field_6-container label { counter-increment: none; }' ) );\n\t\t\t\t\tdocument.head.appendChild( style );\n\t\t\t\t\tdocument.currentScript?.remove();\n\t\t\t\t} )();\n\t\t\t<\/script><\/div><!-- .wpforms-field-container --><div class=\"wpforms-submit-container\" ><input type=\"hidden\" name=\"wpforms[id]\" value=\"386\"><input type=\"hidden\" name=\"page_title\" value=\"\"><input type=\"hidden\" name=\"page_url\" value=\"https:\/\/captureazur.fr\/index.php?rest_route=\/wp\/v2\/pages\/498\"><input type=\"hidden\" name=\"url_referer\" value=\"\"><button type=\"submit\" name=\"wpforms[submit]\" id=\"wpforms-submit-386\" class=\"wpforms-submit\" data-alt-text=\"Envoi...\" data-submit-text=\"Envoyer\" aria-live=\"assertive\" value=\"wpforms-submit\">Envoyer<\/button><img decoding=\"async\" src=\"https:\/\/captureazur.fr\/wp-content\/plugins\/wpforms-lite\/assets\/images\/submit-spin.svg\" class=\"wpforms-submit-spinner\" style=\"display: none;\" width=\"26\" height=\"26\" alt=\"Chargement en cours\"><\/div><\/form><\/div>  <!-- .wpforms-container -->\t\t\t\t<\/div>\n\t\t\t\t<\/div>\n\t\t\t\t<\/div>\n\t\t\t\t\t<\/div>\n\t\t\t\t<\/div>\n\t\t\t\t<\/div>\n\t\t\n    <div class=\"xs_social_share_widget xs_share_url after_content \t\tmain_content  wslu-style-1 wslu-share-box-shaped wslu-fill-colored wslu-none wslu-share-horizontal wslu-theme-font-no wslu-main_content\">\n\n\t\t\n        <ul>\n\t\t\t        <\/ul>\n    <\/div> \n","protected":false},"excerpt":{"rendered":"<p>Capture Azur R\u00e9servation Shooting photos Veuillez activer JavaScript dans votre navigateur pour remplir ce formulaire.Veuillez activer JavaScript dans votre navigateur pour remplir ce formulaire. Nom * Pr\u00e9nomNom T\u00e9l\u00e9phoneE-mail * Choix Couple Famille Pro Boudoir Seul Commentaire ou message Envoyer<\/p>\n","protected":false},"author":1,"featured_media":0,"parent":0,"menu_order":0,"comment_status":"closed","ping_status":"closed","template":"","meta":{"footnotes":""},"class_list":["post-498","page","type-page","status-publish","hentry"],"_links":{"self":[{"href":"https:\/\/captureazur.fr\/index.php?rest_route=\/wp\/v2\/pages\/498","targetHints":{"allow":["GET"]}}],"collection":[{"href":"https:\/\/captureazur.fr\/index.php?rest_route=\/wp\/v2\/pages"}],"about":[{"href":"https:\/\/captureazur.fr\/index.php?rest_route=\/wp\/v2\/types\/page"}],"author":[{"embeddable":true,"href":"https:\/\/captureazur.fr\/index.php?rest_route=\/wp\/v2\/users\/1"}],"replies":[{"embeddable":true,"href":"https:\/\/captureazur.fr\/index.php?rest_route=%2Fwp%2Fv2%2Fcomments&post=498"}],"version-history":[{"count":4,"href":"https:\/\/captureazur.fr\/index.php?rest_route=\/wp\/v2\/pages\/498\/revisions"}],"predecessor-version":[{"id":502,"href":"https:\/\/captureazur.fr\/index.php?rest_route=\/wp\/v2\/pages\/498\/revisions\/502"}],"wp:attachment":[{"href":"https:\/\/captureazur.fr\/index.php?rest_route=%2Fwp%2Fv2%2Fmedia&parent=498"}],"curies":[{"name":"wp","href":"https:\/\/api.w.org\/{rel}","templated":true}]}}